{"id":2017,"date":"2021-05-01T02:00:22","date_gmt":"2021-05-01T01:00:22","guid":{"rendered":"https:\/\/www.webandseo.fr\/academie\/?post_type=product&#038;p=2017"},"modified":"2024-10-02T16:18:52","modified_gmt":"2024-10-02T15:18:52","slug":"pack-netlinking","status":"publish","type":"product","link":"https:\/\/www.webandseo.fr\/academie\/produit\/pack-netlinking\/","title":{"rendered":"Pack de Netlinking"},"content":{"rendered":"\n<p>Ce Pack de Netlinking va permettre d&#8217;am\u00e9liorer rapidement la visibilit\u00e9 de ton site sur Google. Ca peut \u00eatre pour un site de niche, un site e-commerce, un blog ou encore un site vitrine.<\/p>\n\n\n\n<p>Cette prestation consiste en une quinzaine d&#8217;articles, publi\u00e9s sur des blogs th\u00e9matiques et des sites d&#8217;actualit\u00e9s de qualit\u00e9 (des metrics SEO top et une bonne visibilit\u00e9 sur les moteurs de recherche).<\/p>\n\n\n\n<p>J&#8217;\u00e9tablierai la strat\u00e9gie id\u00e9ale en choisissant les meilleurs spots de mon catalogue selon la niche, ainsi que les ancres et les liens \u00e0 placer.<\/p>\n","protected":false},"excerpt":{"rendered":"<p><strong>Paiement en plusieurs fois possible avec Klarna (3 mensualit\u00e9s) et PayPal Credit (4 mensualit\u00e9s), sans frais suppl\u00e9mentaire !<\/strong><\/p>\n","protected":false},"featured_media":2019,"comment_status":"closed","ping_status":"closed","template":"","meta":[],"product_brand":[],"product_cat":[40],"product_tag":[],"class_list":{"0":"post-2017","1":"product","2":"type-product","3":"status-publish","4":"has-post-thumbnail","6":"product_cat-services","8":"first","9":"instock","10":"virtual","11":"sold-individually","12":"purchasable","13":"product-type-simple"},"aioseo_notices":[],"_links":{"self":[{"href":"https:\/\/www.webandseo.fr\/academie\/wp-json\/wp\/v2\/product\/2017","targetHints":{"allow":["GET"]}}],"collection":[{"href":"https:\/\/www.webandseo.fr\/academie\/wp-json\/wp\/v2\/product"}],"about":[{"href":"https:\/\/www.webandseo.fr\/academie\/wp-json\/wp\/v2\/types\/product"}],"replies":[{"embeddable":true,"href":"https:\/\/www.webandseo.fr\/academie\/wp-json\/wp\/v2\/comments?post=2017"}],"wp:featuredmedia":[{"embeddable":true,"href":"https:\/\/www.webandseo.fr\/academie\/wp-json\/wp\/v2\/media\/2019"}],"wp:attachment":[{"href":"https:\/\/www.webandseo.fr\/academie\/wp-json\/wp\/v2\/media?parent=2017"}],"wp:term":[{"taxonomy":"product_brand","embeddable":true,"href":"https:\/\/www.webandseo.fr\/academie\/wp-json\/wp\/v2\/product_brand?post=2017"},{"taxonomy":"product_cat","embeddable":true,"href":"https:\/\/www.webandseo.fr\/academie\/wp-json\/wp\/v2\/product_cat?post=2017"},{"taxonomy":"product_tag","embeddable":true,"href":"https:\/\/www.webandseo.fr\/academie\/wp-json\/wp\/v2\/product_tag?post=2017"}],"curies":[{"name":"wp","href":"https:\/\/api.w.org\/{rel}","templated":true}]}}